{"id":6852,"date":"2024-01-02T23:56:37","date_gmt":"2024-01-02T23:56:37","guid":{"rendered":"https:\/\/newsite.logosdivinityuniversity.com\/wp\/?page_id=6852"},"modified":"2024-04-22T14:41:03","modified_gmt":"2024-04-22T14:41:03","slug":"acerca-de-nosotros","status":"publish","type":"page","link":"http:\/\/newsite.logosdivinityuniversity.com\/wp\/acerca-de-nosotros\/","title":{"rendered":"Acerca de Nosotros"},"content":{"rendered":"\t\t<div data-elementor-type=\"wp-page\" data-elementor-id=\"6852\" class=\"elementor elementor-6852\">\n\t\t\t\t\t\t<section class=\"elementor-section elementor-top-section elementor-element elementor-element-f4d1be9 elementor-section-boxed elementor-section-height-default elementor-section-height-default wpr-particle-no wpr-jarallax-no wpr-parallax-no wpr-sticky-section-no\" data-id=\"f4d1be9\" data-element_type=\"section\" data-settings=\"{&quot;background_background&quot;:&quot;slideshow&quot;,&quot;background_slideshow_gallery&quot;:[{&quot;id&quot;:7544,&quot;url&quot;:&quot;https:\\\/\\\/newsite.logosdivinityuniversity.com\\\/wp\\\/wp-content\\\/uploads\\\/2024\\\/01\\\/university.jpg&quot;},{&quot;id&quot;:7451,&quot;url&quot;:&quot;https:\\\/\\\/newsite.logosdivinityuniversity.com\\\/wp\\\/wp-content\\\/uploads\\\/2024\\\/01\\\/flyers01.jpg&quot;}],&quot;background_slideshow_slide_transition&quot;:&quot;slide_left&quot;,&quot;background_slideshow_lazyload&quot;:&quot;yes&quot;,&quot;background_slideshow_ken_burns&quot;:&quot;yes&quot;,&quot;background_slideshow_loop&quot;:&quot;yes&quot;,&quot;background_slideshow_slide_duration&quot;:5000,&quot;background_slideshow_transition_duration&quot;:500,&quot;background_slideshow_ken_burns_zoom_direction&quot;:&quot;in&quot;}\">\n\t\t\t\t\t\t\t<div class=\"elementor-background-overlay\"><\/div>\n\t\t\t\t\t\t\t<div class=\"elementor-container elementor-column-gap-no\">\n\t\t\t\t\t<div class=\"elementor-column elementor-col-100 elementor-top-column elementor-element elementor-element-f81c3a6 ot-column-items-center ot-flex-column-vertical\" data-id=\"f81c3a6\" data-element_type=\"column\">\n\t\t\t<div class=\"elementor-widget-wrap elementor-element-populated\">\n\t\t\t\t\t\t<div class=\"elementor-element elementor-element-3ee3da8 elementor-widget elementor-widget-heading\" data-id=\"3ee3da8\" data-element_type=\"widget\" data-widget_type=\"heading.default\">\n\t\t\t\t<div class=\"elementor-widget-container\">\n\t\t\t<h2 class=\"elementor-heading-title elementor-size-default\">Qui\u00e9nes somos?<\/h2>\t\t<\/div>\n\t\t\t\t<\/div>\n\t\t\t\t<div class=\"elementor-element elementor-element-ac28415 elementor-icon-list--layout-inline elementor-align-center elementor-widget__width-inherit elementor-list-item-link-full_width elementor-widget elementor-widget-icon-list\" data-id=\"ac28415\" data-element_type=\"widget\" data-widget_type=\"icon-list.default\">\n\t\t\t\t<div class=\"elementor-widget-container\">\n\t\t\t\t\t<ul class=\"elementor-icon-list-items elementor-inline-items\">\n\t\t\t\t\t\t\t<li class=\"elementor-icon-list-item elementor-inline-item\">\n\t\t\t\t\t\t\t\t\t\t\t<a href=\"https:\/\/newsite.logosdivinityuniversity.com\/wp\/\">\n\n\t\t\t\t\t\t\t\t\t\t\t<span class=\"elementor-icon-list-text\">Inicio<\/span>\n\t\t\t\t\t\t\t\t\t\t\t<\/a>\n\t\t\t\t\t\t\t\t\t<\/li>\n\t\t\t\t\t\t\t\t<li class=\"elementor-icon-list-item elementor-inline-item\">\n\t\t\t\t\t\t\t\t\t\t<span class=\"elementor-icon-list-text\">Nosotros<\/span>\n\t\t\t\t\t\t\t\t\t<\/li>\n\t\t\t\t\t\t<\/ul>\n\t\t\t\t<\/div>\n\t\t\t\t<\/div>\n\t\t\t\t\t<\/div>\n\t\t<\/div>\n\t\t\t\t\t<\/div>\n\t\t<\/section>\n\t\t\t\t<section class=\"elementor-section elementor-top-section elementor-element elementor-element-40b0735 elementor-section-boxed elementor-section-height-default elementor-section-height-default wpr-particle-no wpr-jarallax-no wpr-parallax-no wpr-sticky-section-no\" data-id=\"40b0735\" data-element_type=\"section\" data-settings=\"{&quot;background_background&quot;:&quot;classic&quot;}\">\n\t\t\t\t\t\t<div class=\"elementor-container elementor-column-gap-default\">\n\t\t\t\t\t<div class=\"elementor-column elementor-col-66 elementor-top-column elementor-element elementor-element-277d4b3 ot-column-items-top ot-flex-column-vertical\" data-id=\"277d4b3\" data-element_type=\"column\">\n\t\t\t<div class=\"elementor-widget-wrap elementor-element-populated\">\n\t\t\t\t\t\t<div class=\"elementor-element elementor-element-3a3d369 section-title-style-style4 elementor-widget elementor-widget-tpg-section-title\" data-id=\"3a3d369\" data-element_type=\"widget\" data-widget_type=\"tpg-section-title.default\">\n\t\t\t\t<div class=\"elementor-widget-container\">\n\t\t\t\t\t<div class=\"rt-container-fluid rt-tpg-container tpg-el-main-wrapper clearfix  section-title-style-style4\">\n\t\t\t<div class='tpg-header-wrapper'>\n        <div class=\"tpg-widget-heading-wrapper rt-clear heading-style4 \">\n            <span class=\"tpg-widget-heading-line line-left\"><\/span>\n\t\t\t<h2 class='tpg-widget-heading'>\n\t\t\t\n\t\t\t\t                    <span>\n\t\t\t\t\t\tAcerca de Logos Divinity University\t\t\t\t\t<\/span>\n\t\t\t\t\t\n\t\t\t\t\t\t\t<\/h2>            <span class=\"tpg-widget-heading-line line-right\"><\/span>\n\n\t\t\t\n        <\/div>\n\n\t\t\n\t\t<\/div>\t\t<\/div>\n\t\t\t\t<\/div>\n\t\t\t\t<\/div>\n\t\t\t\t<div class=\"elementor-element elementor-element-e472804 elementor-widget elementor-widget-image\" data-id=\"e472804\" data-element_type=\"widget\" data-widget_type=\"image.default\">\n\t\t\t\t<div class=\"elementor-widget-container\">\n\t\t\t\t\t\t\t\t\t\t\t\t\t\t<a href=\"https:\/\/newsite.logosdivinityuniversity.com\/wp\/wp-content\/uploads\/2024\/01\/Graduacion-1.jpg\" data-elementor-open-lightbox=\"yes\" data-elementor-lightbox-title=\"Graduacion\" data-e-action-hash=\"#elementor-action%3Aaction%3Dlightbox%26settings%3DeyJpZCI6Nzg3MiwidXJsIjoiaHR0cDpcL1wvbmV3c2l0ZS5sb2dvc2RpdmluaXR5dW5pdmVyc2l0eS5jb21cL3dwXC93cC1jb250ZW50XC91cGxvYWRzXC8yMDI0XC8wMVwvR3JhZHVhY2lvbi0xLmpwZyJ9\">\n\t\t\t\t\t\t\t<img fetchpriority=\"high\" decoding=\"async\" width=\"810\" height=\"393\" src=\"http:\/\/newsite.logosdivinityuniversity.com\/wp\/wp-content\/uploads\/2024\/01\/Graduacion-1.jpg\" class=\"attachment-full size-full wp-image-7872\" alt=\"\" \/>\t\t\t\t\t\t\t\t<\/a>\n\t\t\t\t\t\t\t\t\t\t\t\t\t<\/div>\n\t\t\t\t<\/div>\n\t\t\t\t<div class=\"elementor-element elementor-element-41f66fa elementor-widget elementor-widget-heading\" data-id=\"41f66fa\" data-element_type=\"widget\" data-widget_type=\"heading.default\">\n\t\t\t\t<div class=\"elementor-widget-container\">\n\t\t\t<h2 class=\"elementor-heading-title elementor-size-default\">Desde su fundaci\u00f3n en el 2010, Logos Divinity University se ha comprometido en la prestaci\u00f3n de un completo y pr\u00e1ctico programa de estudios virtuales y presenciales. Con un m\u00e9todo m\u00e1s pr\u00e1ctico para entrenar a todo aquellos que desean incursionar en carreras profesionales. Logos prepara a sus estudiantes acad\u00e9micamente y espiritualmente para servir en las \u00e1reas correspondientes y seleccionadas por el alumno ya sea en teolog\u00eda, consejer\u00eda, psicolog\u00eda y educaci\u00f3n cristiana - profesional.<\/h2>\t\t<\/div>\n\t\t\t\t<\/div>\n\t\t\t\t<div class=\"elementor-element elementor-element-7d7b0c6 elementor-widget elementor-widget-heading\" data-id=\"7d7b0c6\" data-element_type=\"widget\" data-widget_type=\"heading.default\">\n\t\t\t\t<div class=\"elementor-widget-container\">\n\t\t\t<h2 class=\"elementor-heading-title elementor-size-default\">Logos Divinity University ofrece sus programas de estudios en nuestro propio campo educativo como a distancia en cualquier parte del mundo. Cada estudiante se le asigna un consejero acad\u00e9mico para ayudar con las necesidades educativas y en la planificaci\u00f3n del programa de estudios seleccionados. Asesores est\u00e1n disponibles durante todo el programa acad\u00e9mico.<\/h2>\t\t<\/div>\n\t\t\t\t<\/div>\n\t\t\t\t<div class=\"elementor-element elementor-element-e11ed51 elementor-widget elementor-widget-heading\" data-id=\"e11ed51\" data-element_type=\"widget\" data-widget_type=\"heading.default\">\n\t\t\t\t<div class=\"elementor-widget-container\">\n\t\t\t<h2 class=\"elementor-heading-title elementor-size-default\">Logos Divinity University y sus actuales alumnos como todos sus graduados contin\u00faan abrazando la herencia de nuestra labor educacional. Creemos que los estudiantes necesitan ser confrontados con la din\u00e1mica y la ense\u00f1anza b\u00edblica como profesional que tiene equilibrio, profundidad e integridad. El objetivo de LDU es ofrecer programas de Educaci\u00f3n Superior mediante la formaci\u00f3n de hombres y mujeres para una vida m\u00e1s exitosa.<\/h2>\t\t<\/div>\n\t\t\t\t<\/div>\n\t\t\t\t<div class=\"elementor-element elementor-element-f503ae4 elementor-widget elementor-widget-heading\" data-id=\"f503ae4\" data-element_type=\"widget\" data-widget_type=\"heading.default\">\n\t\t\t\t<div class=\"elementor-widget-container\">\n\t\t\t<h2 class=\"elementor-heading-title elementor-size-default\">Logos Divinity University, no est\u00e1 vinculada ni asociada con ninguna otra instituci\u00f3n que tenga el nombre LOGOS o similitud en el trabajo que realizamos. LDU es una instituci\u00f3n independiente legalmente incorporada, autorizada por el Departamento de Educaci\u00f3n del Estado de la Florida y Acreditada por varias agencias cristianas para operar legalmente con todos sus programas educacionales de alto nivel acad\u00e9mico-profesional y eclesi\u00e1stico.<\/h2>\t\t<\/div>\n\t\t\t\t<\/div>\n\t\t\t\t<div class=\"elementor-element elementor-element-47f05a5 elementor-widget elementor-widget-heading\" data-id=\"47f05a5\" data-element_type=\"widget\" data-widget_type=\"heading.default\">\n\t\t\t\t<div class=\"elementor-widget-container\">\n\t\t\t<h2 class=\"elementor-heading-title elementor-size-default\">Logos Divinity University, opera \u00fanica y exclusivamente desde sus oficinas centrales en Miami, Florida USA. El Departamento Jur\u00eddico de LDU, tomar\u00e1 acciones legales contra individuos o instituciones que ostenten decir que LDU est\u00e1 vinculada en alg\u00fan tipo de acci\u00f3n il\u00edcita en sus operaciones profesionales, educacionales y laborales.<\/h2>\t\t<\/div>\n\t\t\t\t<\/div>\n\t\t\t\t<div class=\"elementor-element elementor-element-19d36e2 elementor-widget elementor-widget-heading\" data-id=\"19d36e2\" data-element_type=\"widget\" data-widget_type=\"heading.default\">\n\t\t\t\t<div class=\"elementor-widget-container\">\n\t\t\t<h2 class=\"elementor-heading-title elementor-size-default\">Si usted tiene alguna pregunta no dude en llamar a nuestras oficinas en Estados Unidos al: 786-637-2151 o bien escribirnos a: info@logosdivinityuniversity.com<\/h2>\t\t<\/div>\n\t\t\t\t<\/div>\n\t\t\t\t\t<\/div>\n\t\t<\/div>\n\t\t\t\t<div class=\"jet-sticky-column-sticky elementor-column elementor-col-33 elementor-top-column elementor-element elementor-element-99de875 ot-column-items-top ot-flex-column-vertical\" data-jet-sticky-column-settings=\"{&quot;id&quot;:&quot;99de875&quot;,&quot;sticky&quot;:true,&quot;topSpacing&quot;:50,&quot;bottomSpacing&quot;:50,&quot;stickyOn&quot;:[&quot;desktop&quot;,&quot;tablet&quot;]}\" data-id=\"99de875\" data-element_type=\"column\">\n\t\t\t<div class=\"elementor-widget-wrap elementor-element-populated\">\n\t\t\t\t\t\t<div class=\"elementor-element elementor-element-5118522 elementor-search-form--skin-classic elementor-search-form--button-type-icon elementor-search-form--icon-search elementor-widget elementor-widget-search-form\" data-id=\"5118522\" data-element_type=\"widget\" data-settings=\"{&quot;skin&quot;:&quot;classic&quot;}\" data-widget_type=\"search-form.default\">\n\t\t\t\t<div class=\"elementor-widget-container\">\n\t\t\t\t\t<form class=\"elementor-search-form\" role=\"search\" action=\"http:\/\/newsite.logosdivinityuniversity.com\/wp\" method=\"get\">\n\t\t\t\t\t\t\t\t\t<div class=\"elementor-search-form__container\">\n\t\t\t\t\t\t\t\t<input placeholder=\"Search...\" class=\"elementor-search-form__input\" type=\"search\" name=\"s\" title=\"Search\" value=\"\">\n\t\t\t\t\t\t\t\t\t\t\t\t\t<button class=\"elementor-search-form__submit\" type=\"submit\" title=\"Search\" aria-label=\"Search\">\n\t\t\t\t\t\t\t\t\t\t\t\t\t<i aria-hidden=\"true\" class=\"fas fa-search\"><\/i>\t\t\t\t\t\t\t<span class=\"elementor-screen-only\">Search<\/span>\n\t\t\t\t\t\t\t\t\t\t\t<\/button>\n\t\t\t\t\t\t\t\t\t\t\t<\/div>\n\t\t<\/form>\n\t\t\t\t<\/div>\n\t\t\t\t<\/div>\n\t\t\t\t<div class=\"elementor-element elementor-element-70b6396 eael-simple-menu-hamburger-align-left eael-hamburger--none elementor-widget elementor-widget-eael-simple-menu\" data-id=\"70b6396\" data-element_type=\"widget\" data-widget_type=\"eael-simple-menu.default\">\n\t\t\t\t<div class=\"elementor-widget-container\">\n\t\t\t            <div data-hamburger-icon=\"\" data-indicator-icon=\"&lt;i aria-hidden=&quot;true&quot; class=&quot;fas fa-angle-down&quot;&gt;&lt;\/i&gt;\" data-dropdown-indicator-icon=\"&lt;i class=&quot;fas fa-angle-down&quot;&gt;&lt;\/i&gt;\" class=\"eael-simple-menu-container eael-simple-menu-align-left eael-simple-menu-dropdown-align-left preset-1\" data-hamburger-breakpoints=\"{&quot;mobile&quot;:&quot;Mobile Portrait (&gt; 767px)&quot;,&quot;tablet&quot;:&quot;Tablet Portrait (&gt; 1024px)&quot;,&quot;desktop&quot;:&quot;Desktop (&gt; 2400px)&quot;,&quot;none&quot;:&quot;None&quot;}\" data-hamburger-device=\"none\">\n                <ul id=\"menu-cursos\" class=\"eael-simple-menu eael-simple-menu-dropdown-animate-to-top eael-simple-menu-indicator eael-simple-menu-vertical\"><li id=\"menu-item-6875\" class=\"menu-item menu-item-type-post_type menu-item-object-page menu-item-6875\"><a href=\"http:\/\/newsite.logosdivinityuniversity.com\/wp\/programas\/\">Programas<\/a><\/li>\n<li id=\"menu-item-6927\" class=\"menu-item menu-item-type-custom menu-item-object-custom menu-item-has-children menu-item-6927\"><a href=\"#\">Nuestros Cursos<\/a>\n<ul class=\"sub-menu\">\n\t<li id=\"menu-item-6879\" class=\"menu-item menu-item-type-post_type menu-item-object-page menu-item-6879\"><a href=\"http:\/\/newsite.logosdivinityuniversity.com\/wp\/capellania\/\">Capellan\u00eda<\/a><\/li>\n\t<li id=\"menu-item-6887\" class=\"menu-item menu-item-type-post_type menu-item-object-page menu-item-6887\"><a href=\"http:\/\/newsite.logosdivinityuniversity.com\/wp\/asociados\/\">Asociados<\/a><\/li>\n\t<li id=\"menu-item-6891\" class=\"menu-item menu-item-type-post_type menu-item-object-page menu-item-6891\"><a href=\"http:\/\/newsite.logosdivinityuniversity.com\/wp\/licenciaturas\/\">Licenciaturas<\/a><\/li>\n\t<li id=\"menu-item-6895\" class=\"menu-item menu-item-type-post_type menu-item-object-page menu-item-6895\"><a href=\"http:\/\/newsite.logosdivinityuniversity.com\/wp\/maestrias\/\">Maestr\u00edas<\/a><\/li>\n\t<li id=\"menu-item-6899\" class=\"menu-item menu-item-type-post_type menu-item-object-page menu-item-6899\"><a href=\"http:\/\/newsite.logosdivinityuniversity.com\/wp\/doctorados\/\">Doctorados<\/a><\/li>\n<\/ul>\n<\/li>\n<li id=\"menu-item-6883\" class=\"menu-item menu-item-type-post_type menu-item-object-page menu-item-6883\"><a href=\"http:\/\/newsite.logosdivinityuniversity.com\/wp\/coaching-cristiano\/\">Coaching Cristiano<\/a><\/li>\n<li id=\"menu-item-6903\" class=\"menu-item menu-item-type-post_type menu-item-object-page menu-item-6903\"><a href=\"http:\/\/newsite.logosdivinityuniversity.com\/wp\/certificacion-profesional\/\">Certificaci\u00f3n<\/a><\/li>\n<\/ul>                <button class=\"eael-simple-menu-toggle\">\n                    <span class=\"sr-only \">Humberger Toggle Menu<\/span>\n                                    <\/button>\n            <\/div>\n            \t\t<\/div>\n\t\t\t\t<\/div>\n\t\t\t\t<div class=\"elementor-element elementor-element-f92479a elementor-widget__width-inherit wpr-promo-box-style-cover elementor-widget elementor-widget-wpr-promo-box\" data-id=\"f92479a\" data-element_type=\"widget\" data-widget_type=\"wpr-promo-box.default\">\n\t\t\t\t<div class=\"elementor-widget-container\">\n\t\t\t\n\t\t<div class=\"wpr-promo-box wpr-animation-wrap\">\n\n\t\t\t\t\t\t\t\n\t\t\t\t\t\t\t<div class=\"wpr-promo-box-image\">\n\t\t\t\t\t<div class=\"wpr-promo-box-bg-image wpr-bg-anim-zoom-in wpr-anim-timing-ease-default\" style=\"background-image:url(http:\/\/newsite.logosdivinityuniversity.com\/wp\/wp-content\/uploads\/2024\/01\/image.jpg);\"><\/div>\n\t\t\t\t\t<div class=\"wpr-promo-box-bg-overlay wpr-border-anim-oscar\"><\/div>\n\t\t\t\t<\/div>\n\t\t\t\t\t\t\n\t\t\t<div class=\"wpr-promo-box-content\">\n\n\t\t\t\t\n\t\t\t\t<h3 class=\"wpr-promo-box-title\"><span>Requisitos de admisi\u00f3n para los Programas Acad\u00e9micos<\/span><\/h3>\n\t\t\t\t\t\t\t\t\t<div class=\"wpr-promo-box-description\">\n\t\t\t\t\t\t<p>Todos nuestros programas est\u00e1n disponibles en su totalidad en la opci\u00f3n de Educaci\u00f3n a Distancia \u00f3 puede llamarnos al centro de ateci\u00f3n al estudiante (786) 637-2151<\/p>\t\n\t\t\t\t\t<\/div>\t\t\t\t\t\t\n\t\t\t\t\n\t\t\t\t\t\t\t\t\t<div class=\"wpr-promo-box-btn-wrap\">\n\t\t\t\t\t\t<a class=\"wpr-promo-box-btn\" href=\"#\">\n\n\t\t\t\t\t\t\t\t\t\t\t\t\t\t<span class=\"wpr-promo-box-btn-text\">Solicitar Admisi\u00f3n<\/span>\t\t\n\t\t\t\t\t\t\t\n\t\t\t\t\t\t\t\t\t\t\t\t\t\t<span class=\"wpr-promo-box-btn-icon\">\n\t\t\t\t\t\t\t\t<i class=\"icon icon-arrow-right\"><\/i>\n\t\t\t\t\t\t\t<\/span>\n\t\t\t\t\t\t\t\t\t\t\t\t\t<\/a>\n\t\t\t\t\t<\/div>\t\n\t\t\t\t\t\t\t<\/div>\n\n\t\t\t\t\t<\/div>\n\n\t\t\t\t<\/div>\n\t\t\t\t<\/div>\n\t\t\t\t<div class=\"elementor-element elementor-element-b7619dc elementor-view-framed elementor-shape-circle elementor-position-top elementor-mobile-position-top elementor-widget elementor-widget-icon-box\" data-id=\"b7619dc\" data-element_type=\"widget\" data-widget_type=\"icon-box.default\">\n\t\t\t\t<div class=\"elementor-widget-container\">\n\t\t\t\t\t<div class=\"elementor-icon-box-wrapper\">\n\n\t\t\t\t\t\t<div class=\"elementor-icon-box-icon\">\n\t\t\t\t<span  class=\"elementor-icon elementor-animation-\">\n\t\t\t\t<i aria-hidden=\"true\" class=\"jki jki-phone-forwarded-line\"><\/i>\t\t\t\t<\/span>\n\t\t\t<\/div>\n\t\t\t\n\t\t\t\t\t\t<div class=\"elementor-icon-box-content\">\n\n\t\t\t\t\t\t\t\t\t<h3 class=\"elementor-icon-box-title\">\n\t\t\t\t\t\t<span  >\n\t\t\t\t\t\t\t\u00bfNecesita Ayuda?\t\t\t\t\t\t<\/span>\n\t\t\t\t\t<\/h3>\n\t\t\t\t\n\t\t\t\t\t\t\t\t\t<p class=\"elementor-icon-box-description\">\n\t\t\t\t\t\t786-637-2151\t\t\t\t\t<\/p>\n\t\t\t\t\n\t\t\t<\/div>\n\t\t\t\n\t\t<\/div>\n\t\t\t\t<\/div>\n\t\t\t\t<\/div>\n\t\t\t\t\t<\/div>\n\t\t<\/div>\n\t\t\t\t\t<\/div>\n\t\t<\/section>\n\t\t\t\t<\/div>\n\t\t","protected":false},"excerpt":{"rendered":"<p>Qui\u00e9nes somos? Inicio Nosotros Acerca de Logos Divinity University Desde su fundaci\u00f3n en el 2010, Logos Divinity University se ha comprometido en la prestaci\u00f3n de un completo y pr\u00e1ctico programa de estudios virtuales y presenciales. Con un m\u00e9todo m\u00e1s pr\u00e1ctico para entrenar a todo aquellos que desean incursionar en carreras profesionales. Logos prepara a sus estudiantes acad\u00e9micamente y espiritualmente para servir en las \u00e1reas correspondientes y seleccionadas por el alumno ya sea en teolog\u00eda, consejer\u00eda, psicolog\u00eda y educaci\u00f3n cristiana &#8211; profesional. Logos Divinity University ofrece sus programas de estudios en nuestro propio campo educativo como a distancia en cualquier parte del mundo. Cada estudiante se le asigna un consejero acad\u00e9mico para ayudar con las necesidades educativas y en la planificaci\u00f3n del programa de estudios seleccionados. Asesores est\u00e1n disponibles durante todo el programa acad\u00e9mico. Logos Divinity University y sus actuales alumnos como todos sus graduados contin\u00faan abrazando la herencia de nuestra labor educacional. Creemos que los estudiantes necesitan ser confrontados con la din\u00e1mica y la ense\u00f1anza b\u00edblica como profesional que tiene equilibrio, profundidad e integridad. El objetivo de LDU es ofrecer programas de Educaci\u00f3n Superior mediante la formaci\u00f3n de hombres y mujeres para una vida m\u00e1s exitosa. Logos Divinity University, no est\u00e1 vinculada ni asociada con ninguna otra instituci\u00f3n que tenga el nombre LOGOS o similitud en el trabajo que realizamos. LDU es una instituci\u00f3n independiente legalmente incorporada, autorizada por el Departamento de Educaci\u00f3n del Estado de la Florida y Acreditada por varias agencias cristianas para operar legalmente con todos sus programas educacionales de alto nivel acad\u00e9mico-profesional y eclesi\u00e1stico. Logos Divinity University, opera \u00fanica y exclusivamente desde sus oficinas centrales en Miami, Florida USA. El Departamento Jur\u00eddico de LDU, tomar\u00e1 acciones legales contra individuos o instituciones que ostenten decir que LDU est\u00e1 vinculada en alg\u00fan tipo de acci\u00f3n il\u00edcita en sus operaciones profesionales, educacionales y laborales. Si usted tiene alguna pregunta no dude en llamar a nuestras oficinas en Estados Unidos al: 786-637-2151 o bien escribirnos a: info@logosdivinityuniversity.com Programas Nuestros Cursos Capellan\u00eda Asociados Licenciaturas Maestr\u00edas Doctorados Coaching Cristiano Certificaci\u00f3n Humberger Toggle Menu Requisitos de admisi\u00f3n para los Programas Acad\u00e9micos Todos nuestros programas est\u00e1n disponibles en su totalidad en la opci\u00f3n de Educaci\u00f3n a Distancia \u00f3 puede llamarnos al centro de ateci\u00f3n al estudiante (786) 637-2151 Solicitar Admisi\u00f3n \u00bfNecesita Ayuda? 786-637-2151<\/p>\n","protected":false},"author":1,"featured_media":0,"parent":0,"menu_order":0,"comment_status":"closed","ping_status":"closed","template":"elementor_header_footer","meta":{"footnotes":""},"class_list":["post-6852","page","type-page","status-publish","hentry"],"rttpg_featured_image_url":null,"rttpg_author":{"display_name":"webmaster","author_link":"http:\/\/newsite.logosdivinityuniversity.com\/wp\/author\/webmaster\/"},"rttpg_comment":0,"rttpg_category":null,"rttpg_excerpt":"Qui\u00e9nes somos? Inicio Nosotros Acerca de Logos Divinity University Desde su fundaci\u00f3n en el 2010, Logos Divinity University se ha comprometido en la prestaci\u00f3n de un completo y pr\u00e1ctico programa de estudios virtuales y presenciales. Con un m\u00e9todo m\u00e1s pr\u00e1ctico para entrenar a todo aquellos que desean incursionar en carreras profesionales. Logos prepara a sus&hellip;","_links":{"self":[{"href":"http:\/\/newsite.logosdivinityuniversity.com\/wp\/wp-json\/wp\/v2\/pages\/6852","targetHints":{"allow":["GET"]}}],"collection":[{"href":"http:\/\/newsite.logosdivinityuniversity.com\/wp\/wp-json\/wp\/v2\/pages"}],"about":[{"href":"http:\/\/newsite.logosdivinityuniversity.com\/wp\/wp-json\/wp\/v2\/types\/page"}],"author":[{"embeddable":true,"href":"http:\/\/newsite.logosdivinityuniversity.com\/wp\/wp-json\/wp\/v2\/users\/1"}],"replies":[{"embeddable":true,"href":"http:\/\/newsite.logosdivinityuniversity.com\/wp\/wp-json\/wp\/v2\/comments?post=6852"}],"version-history":[{"count":235,"href":"http:\/\/newsite.logosdivinityuniversity.com\/wp\/wp-json\/wp\/v2\/pages\/6852\/revisions"}],"predecessor-version":[{"id":9310,"href":"http:\/\/newsite.logosdivinityuniversity.com\/wp\/wp-json\/wp\/v2\/pages\/6852\/revisions\/9310"}],"wp:attachment":[{"href":"http:\/\/newsite.logosdivinityuniversity.com\/wp\/wp-json\/wp\/v2\/media?parent=6852"}],"curies":[{"name":"wp","href":"https:\/\/api.w.org\/{rel}","templated":true}]}}